{"id":674,"date":"2026-01-21T15:48:58","date_gmt":"2026-01-21T15:48:58","guid":{"rendered":"https:\/\/baraphrase.com\/?page_id=674"},"modified":"2026-01-21T15:48:58","modified_gmt":"2026-01-21T15:48:58","slug":"fair-use","status":"publish","type":"page","link":"https:\/\/baraphrase.com\/fr\/fair-use\/","title":{"rendered":"Politique d&#x27;utilisation \u00e9quitable"},"content":{"rendered":"\n<div class=\"wp-block-group is-style-section-1 has-base-background-color has-background has-global-padding is-layout-constrained wp-container-core-group-is-layout-b469d2d1 wp-block-group-is-layout-constrained is-style-section-1--1\" style=\"border-radius:50px;padding-top:var(--wp--preset--spacing--40);padding-right:var(--wp--preset--spacing--40);padding-bottom:var(--wp--preset--spacing--40);padding-left:var(--wp--preset--spacing--40)\">\n<h1 class=\"wp-block-heading\">Politique d\u2019utilisation \u00e9quitable<\/h1>\n\n\n\n<p>Malheureusement, en raison d\u2019abus du service gratuit de Baraphrase, j\u2019ai d\u00fb mettre en place une politique d\u2019utilisation \u00e9quitable. Elle fonctionne comme ceci\u202f:<\/p>\n\n\n\n<ul class=\"wp-block-list\">\n<li>Chaque utilisateur dispose de 10 transcriptions, traductions et\/ou r\u00e9sum\u00e9s par jour.<\/li>\n\n\n\n<li>Si vous utilisez le service depuis plus de 3 mois, cette limite passera \u00e0 20.<\/li>\n\n\n\n<li>Si vous g\u00e9n\u00e9rez plus de 10 erreurs par jour, votre compte sera banni. Cela s\u2019explique par le grand nombre de nouveaux utilisateurs qui tentent de surcharger les bots en envoyant plusieurs fichiers audio ou vid\u00e9o sans raison claire. Si vous ne pouvez pas lire un simple message d\u2019erreur, ce service n\u2019est pas fait pour vous.<\/li>\n<\/ul>\n\n\n\n<h2 class=\"wp-block-heading has-text-align-center\">FAQs<\/h2>\n\n\n\n<div class=\"wp-block-group has-base-background-color has-background has-global-padding is-layout-constrained wp-container-core-group-is-layout-52009084 wp-block-group-is-layout-constrained\" style=\"border-radius:25px;padding-top:var(--wp--preset--spacing--40);padding-right:var(--wp--preset--spacing--40);padding-bottom:var(--wp--preset--spacing--40);padding-left:var(--wp--preset--spacing--40)\">\n<details class=\"wp-block-details is-layout-flow wp-block-details-is-layout-flow\" open><summary>Puis-je payer pour augmenter mes limites\u202f?<\/summary>\n<p>Non.<\/p>\n<\/details>\n\n\n\n<details class=\"wp-block-details is-layout-flow wp-block-details-is-layout-flow\"><summary>Puis-je toujours envoyer des messages vocaux de n\u2019importe quelle dur\u00e9e\u202f?<\/summary>\n<p>Oui, nous comptons uniquement le nombre de notes vocales, pas leur dur\u00e9e.<\/p>\n<\/details>\n\n\n\n<details class=\"wp-block-details is-layout-flow wp-block-details-is-layout-flow\"><summary>J\u2019ai envoy\u00e9 600 fichiers mp3 par accident\u202f! Puis-je \u00eatre d\u00e9banni\u202f?<\/summary>\n<p>Non.<\/p>\n<\/details>\n\n\n\n<details class=\"wp-block-details is-layout-flow wp-block-details-is-layout-flow\"><summary>Tu avais promis que Baraphrase serait gratuit pour toujours\u202f!<\/summary>\n<p>C\u2019est toujours gratuit, mais avec des limites. Pour information, 85\u202f% des co\u00fbts mensuels du service provenaient de seulement 4 utilisateurs. En plus du co\u00fbt, ces m\u00eames utilisateurs rendaient parfois le service inutilisable pour les autres en mettant en file d\u2019attente entre 50 et 100 fichiers audio \u00e0 traiter.<\/p>\n<\/details>\n<\/div>\n<\/div>\n\n\n\n<div class=\"wp-block-group is-style-section-1 has-base-background-color has-background has-global-padding is-layout-constrained wp-container-core-group-is-layout-52009084 wp-block-group-is-layout-constrained is-style-section-1--2\" style=\"border-top-left-radius:50px;border-top-right-radius:50px;border-bottom-left-radius:50px;border-bottom-right-radius:50px;padding-top:var(--wp--preset--spacing--40);padding-right:var(--wp--preset--spacing--40);padding-bottom:var(--wp--preset--spacing--40);padding-left:var(--wp--preset--spacing--40)\"><nav class=\"breadcrumbs\" aria-label=\"Fil d\u2019Ariane\"><a href=\"https:\/\/baraphrase.com\/\" class=\"breadcrumb breadcrumb--first\">\u2190 D\u2019accueil<\/a> <span class='breadcrumbs__separator' aria-hidden='true'>\u2192<\/span> <a href=\"#\" class=\"breadcrumb\">Parent<\/a><\/nav><\/div>\n","protected":false},"excerpt":{"rendered":"<p>Politique d\u2019utilisation \u00e9quitable Malheureusement, en raison d\u2019abus du service gratuit de Baraphrase, j\u2019ai d\u00fb mettre en place une politique d\u2019utilisation \u00e9quitable. Elle fonctionne comme ceci\u202f: FAQs<\/p>\n","protected":false},"author":1,"featured_media":0,"parent":0,"menu_order":0,"comment_status":"closed","ping_status":"closed","template":"wp-custom-template-page-no-title-fr","meta":{"slim_seo":{"title":"Politique d\u2019utilisation \u00e9quitable - Baraphrase","description":"Politique d\u2019utilisation \u00e9quitable Malheureusement, en raison d\u2019abus du service gratuit de Baraphrase, j\u2019ai d\u00fb mettre en place une politique d\u2019utilisation \u00e9quita"},"_locale":"fr_FR","_original_post":"https:\/\/baraphrase.com\/?page_id=667","footnotes":""},"class_list":["post-674","page","type-page","status-publish","hentry","fr-FR"],"_links":{"self":[{"href":"https:\/\/baraphrase.com\/wp-json\/wp\/v2\/pages\/674","targetHints":{"allow":["GET"]}}],"collection":[{"href":"https:\/\/baraphrase.com\/wp-json\/wp\/v2\/pages"}],"about":[{"href":"https:\/\/baraphrase.com\/wp-json\/wp\/v2\/types\/page"}],"author":[{"embeddable":true,"href":"https:\/\/baraphrase.com\/wp-json\/wp\/v2\/users\/1"}],"replies":[{"embeddable":true,"href":"https:\/\/baraphrase.com\/wp-json\/wp\/v2\/comments?post=674"}],"version-history":[{"count":3,"href":"https:\/\/baraphrase.com\/wp-json\/wp\/v2\/pages\/674\/revisions"}],"predecessor-version":[{"id":677,"href":"https:\/\/baraphrase.com\/wp-json\/wp\/v2\/pages\/674\/revisions\/677"}],"wp:attachment":[{"href":"https:\/\/baraphrase.com\/wp-json\/wp\/v2\/media?parent=674"}],"curies":[{"name":"wp","href":"https:\/\/api.w.org\/{rel}","templated":true}]}}