{"id":649,"date":"2025-12-15T20:51:35","date_gmt":"2025-12-15T20:51:35","guid":{"rendered":"https:\/\/baraphrase.com\/?page_id=649"},"modified":"2025-12-15T20:52:33","modified_gmt":"2025-12-15T20:52:33","slug":"about","status":"publish","type":"page","link":"https:\/\/baraphrase.com\/fr\/about\/","title":{"rendered":"\u00c0 propos de Baraphrase"},"content":{"rendered":"\n<div class=\"wp-block-group is-style-section-1 has-base-background-color has-background has-global-padding is-layout-constrained wp-container-core-group-is-layout-b469d2d1 wp-block-group-is-layout-constrained is-style-section-1--1\" style=\"border-radius:50px;padding-top:var(--wp--preset--spacing--40);padding-right:var(--wp--preset--spacing--40);padding-bottom:var(--wp--preset--spacing--40);padding-left:var(--wp--preset--spacing--40)\">\n<h1 class=\"wp-block-heading\">\u00c0 propos de Baraphrase<\/h1>\n\n\n\n<p>C\u2019est un projet parall\u00e8le que j\u2019ai cr\u00e9\u00e9, moi, <a href=\"https:\/\/www.linkedin.com\/in\/norrisjon\/\" title=\"\">Jon<\/a>. Je travaille dans le marketing, mais j\u2019aime bien me d\u00e9gourdir les jambes sur le plan technique.<\/p>\n\n\n\n<p>Il y a deux choses que vous devriez savoir sur moi\u202f:<\/p>\n\n\n\n<ul class=\"wp-block-list\">\n<li>Je d\u00e9teste les notes vocales.<\/li>\n\n\n\n<li>Je vis et je travaille dans des environnements multilingues et multiculturels.<\/li>\n<\/ul>\n\n\n\n<p>J\u2019ai donc d\u00e9cid\u00e9 de cr\u00e9er quelque chose qui puisse m\u2019aider sur ces deux points\u202f: un outil me permettant de transcrire, traduire et r\u00e9sumer rapidement les notes vocales que je re\u00e7ois, quelle que soit la langue.<\/p>\n\n\n\n<p>Plusieurs personnes m\u2019ont demand\u00e9 d\u2019y avoir acc\u00e8s, alors j\u2019ai choisi de le lancer publiquement pour aider d\u2019autres personnes dans la m\u00eame situation. Baraphrase compte d\u00e9sormais plus de 1\u202f000 utilisateurs et traite des heures de notes vocales chaque jour.<\/p>\n\n\n\n<h2 class=\"wp-block-heading\">Pourquoi est-ce gratuit\u202f?<\/h2>\n\n\n\n<p>Pour trois raisons\u202f:<\/p>\n\n\n\n<ul class=\"wp-block-list\">\n<li>Cela co\u00fbte tr\u00e8s peu \u00e0 faire fonctionner (en moyenne 10\u202f\u20ac par mois).<\/li>\n\n\n\n<li>Je ne veux pas avoir \u00e0 g\u00e9rer des services de paiement.<\/li>\n\n\n\n<li>Le web est trop mon\u00e9tis\u00e9, et je voulais cr\u00e9er quelque chose de simple, utile et gratuit, sans exiger toutes vos donn\u00e9es personnelles.<\/li>\n<\/ul>\n\n\n\n<p>Mon objectif est donc d\u2019offrir Baraphrase gratuitement, sans limites, aussi longtemps que possible. Cependant, il y a quelques r\u00e9serves \u00e0 cela.<\/p>\n\n\n\n<ul class=\"wp-block-list\">\n<li>Si vous l\u2019utilisez pour traiter des fichiers audio en masse ou pour des usages pour lesquels il n\u2019a pas \u00e9t\u00e9 con\u00e7u \u2014 en particulier si cela d\u00e9grade le service pour les autres \u2014, je vous bannirai probablement. Voici quelques exemples de comportements qui ont conduit \u00e0 un bannissement par le pass\u00e9\u202f:\n<ul class=\"wp-block-list\">\n<li>Ajouter Baraphrase Transcribe \u00e0 un groupe Telegram de partage musical pour g\u00e9n\u00e9rer des transcriptions automatiques de toutes les chansons partag\u00e9es.<\/li>\n\n\n\n<li>Un mod\u00e8le OnlyFans qui utilisait Baraphrase pour r\u00e9sumer toutes les notes vocales suggestives envoy\u00e9es par ses abonn\u00e9s.<\/li>\n\n\n\n<li>Une personne t\u00e9l\u00e9chargeant des centaines de fichiers audio de 2 \u00e0 3 secondes pour les transcrire en s\u00e9rie.<\/li>\n<\/ul>\n<\/li>\n\n\n\n<li>Si Baraphrase atteint un niveau de croissance o\u00f9 les co\u00fbts mensuels d\u2019infrastructure deviennent trop \u00e9lev\u00e9s, je pourrais instaurer des limites quotidiennes pour tous les utilisateurs.<\/li>\n<\/ul>\n<\/div>\n\n\n\n<div class=\"wp-block-group is-style-section-1 has-base-background-color has-background has-global-padding is-layout-constrained wp-container-core-group-is-layout-52009084 wp-block-group-is-layout-constrained is-style-section-1--2\" style=\"border-radius:25px;padding-top:var(--wp--preset--spacing--40);padding-right:var(--wp--preset--spacing--40);padding-bottom:var(--wp--preset--spacing--40);padding-left:var(--wp--preset--spacing--40)\"><nav class=\"breadcrumbs\" aria-label=\"Fil d\u2019Ariane\"><a href=\"https:\/\/baraphrase.com\/\" class=\"breadcrumb breadcrumb--first\">\u2190 Page d&#039;accueil<\/a> <span class='breadcrumbs__separator' aria-hidden='true'>\u2192<\/span> <a href=\"#\" class=\"breadcrumb\">Parent<\/a><\/nav><\/div>\n","protected":false},"excerpt":{"rendered":"<p>\u00c0 propos de Baraphrase C\u2019est un projet parall\u00e8le que j\u2019ai cr\u00e9\u00e9, moi, Jon. Je travaille dans le marketing, mais j\u2019aime bien me d\u00e9gourdir les jambes sur le plan technique. Il y a deux choses que vous devriez savoir sur moi\u202f: J\u2019ai donc d\u00e9cid\u00e9 de cr\u00e9er quelque chose qui puisse m\u2019aider sur ces deux points\u202f: un [&hellip;]<\/p>\n","protected":false},"author":1,"featured_media":0,"parent":0,"menu_order":0,"comment_status":"closed","ping_status":"closed","template":"wp-custom-template-page-no-title-fr","meta":{"slim_seo":{"facebook_image":"https:\/\/baraphrase.com\/wp-content\/uploads\/2025\/09\/baraphrase-logo.png","twitter_image":"https:\/\/baraphrase.com\/wp-content\/uploads\/2025\/09\/baraphrase-logo.png","title":"\u00c0 propos de Baraphrase - Baraphrase","description":"\u00c0 propos de Baraphrase C\u2019est un projet parall\u00e8le que j\u2019ai cr\u00e9\u00e9, moi, Jon . Je travaille dans le marketing, mais j\u2019aime bien me d\u00e9gourdir les jambes sur le plan"},"_locale":"fr_FR","_original_post":"https:\/\/baraphrase.com\/?page_id=591","footnotes":""},"class_list":["post-649","page","type-page","status-publish","hentry","fr-FR"],"_links":{"self":[{"href":"https:\/\/baraphrase.com\/wp-json\/wp\/v2\/pages\/649","targetHints":{"allow":["GET"]}}],"collection":[{"href":"https:\/\/baraphrase.com\/wp-json\/wp\/v2\/pages"}],"about":[{"href":"https:\/\/baraphrase.com\/wp-json\/wp\/v2\/types\/page"}],"author":[{"embeddable":true,"href":"https:\/\/baraphrase.com\/wp-json\/wp\/v2\/users\/1"}],"replies":[{"embeddable":true,"href":"https:\/\/baraphrase.com\/wp-json\/wp\/v2\/comments?post=649"}],"version-history":[{"count":3,"href":"https:\/\/baraphrase.com\/wp-json\/wp\/v2\/pages\/649\/revisions"}],"predecessor-version":[{"id":658,"href":"https:\/\/baraphrase.com\/wp-json\/wp\/v2\/pages\/649\/revisions\/658"}],"wp:attachment":[{"href":"https:\/\/baraphrase.com\/wp-json\/wp\/v2\/media?parent=649"}],"curies":[{"name":"wp","href":"https:\/\/api.w.org\/{rel}","templated":true}]}}