{"id":383,"date":"2025-05-03T17:03:58","date_gmt":"2025-05-03T17:03:58","guid":{"rendered":"https:\/\/baraphrase.com\/?page_id=383"},"modified":"2025-09-11T16:06:46","modified_gmt":"2025-09-11T16:06:46","slug":"imessage","status":"publish","type":"page","link":"https:\/\/baraphrase.com\/fr\/transcribe\/imessage\/","title":{"rendered":"Transcrire &#8211; iMessage"},"content":{"rendered":"\n<div class=\"wp-block-group is-style-section-1 has-base-background-color has-background has-global-padding is-layout-constrained wp-container-core-group-is-layout-52009084 wp-block-group-is-layout-constrained is-style-section-1--1\" style=\"border-radius:25px;padding-top:var(--wp--preset--spacing--40);padding-right:var(--wp--preset--spacing--40);padding-bottom:var(--wp--preset--spacing--40);padding-left:var(--wp--preset--spacing--40)\">\n<figure class=\"wp-block-image aligncenter size-full is-resized is-style-rounded\"><picture class=\"wp-picture-453\" style=\"display: contents;\"><source type=\"image\/webp\" srcset=\"https:\/\/baraphrase.com\/wp-content\/uploads\/2025\/09\/barry-notepad-png.webp 750w, https:\/\/baraphrase.com\/wp-content\/uploads\/2025\/09\/barry-notepad-225x300-png.webp 225w, https:\/\/baraphrase.com\/wp-content\/uploads\/2025\/09\/barry-notepad-645x860-png.webp 645w\" sizes=\"auto, (max-width: 250px) 100vw, 250px\"><img data-dominant-color=\"b98c65\" data-has-transparency=\"true\" loading=\"lazy\" decoding=\"async\" width=\"750\" height=\"1000\" sizes=\"auto, (max-width: 250px) 100vw, 250px\" src=\"https:\/\/baraphrase.com\/wp-content\/uploads\/2025\/09\/barry-notepad.png\" alt=\"Barry notepad\" class=\"wp-image-453 has-transparency\" style=\"--dominant-color: #b98c65; width:250px\" srcset=\"https:\/\/baraphrase.com\/wp-content\/uploads\/2025\/09\/barry-notepad.png 750w, https:\/\/baraphrase.com\/wp-content\/uploads\/2025\/09\/barry-notepad-225x300.png 225w, https:\/\/baraphrase.com\/wp-content\/uploads\/2025\/09\/barry-notepad-645x860.png 645w\" \/><\/picture><\/figure>\n\n\n\n<h1 class=\"wp-block-heading has-text-align-center\">Transcris instantan\u00e9ment les notes vocales d&rsquo;iMessage<\/h1>\n\n\n\n<p class=\"has-text-align-center\">Transf\u00e8re tes notes vocales dans iMessage pour recevoir une transcription instantan\u00e9e et pr\u00e9cise.<\/p>\n\n\n\n<ul class=\"wp-block-social-links has-visible-labels has-icon-background-color is-style-default is-content-justification-center is-layout-flex wp-container-core-social-links-is-layout-a89b3969 wp-block-social-links-is-layout-flex\"><li style=\"background-color:#24a1de;\" class=\"wp-social-link wp-social-link-telegram  wp-block-social-link\"><a href=\"https:\/\/t.me\/BarascribeBot\" class=\"wp-block-social-link-anchor\"><svg width=\"24\" height=\"24\" viewBox=\"0 0 128 128\" version=\"1.1\" xmlns=\"http:\/\/www.w3.org\/2000\/svg\" aria-hidden=\"true\" focusable=\"false\"><path d=\"M28.9700376,63.3244248 C47.6273373,55.1957357 60.0684594,49.8368063 66.2934036,47.2476366 C84.0668845,39.855031 87.7600616,38.5708563 90.1672227,38.528 C90.6966555,38.5191258 91.8804274,38.6503351 92.6472251,39.2725385 C93.294694,39.7979149 93.4728387,40.5076237 93.5580865,41.0057381 C93.6433345,41.5038525 93.7494885,42.63857 93.6651041,43.5252052 C92.7019529,53.6451182 88.5344133,78.2034783 86.4142057,89.5379542 C85.5170662,94.3339958 83.750571,95.9420841 82.0403991,96.0994568 C78.3237996,96.4414641 75.5015827,93.6432685 71.9018743,91.2836143 C66.2690414,87.5912212 63.0868492,85.2926952 57.6192095,81.6896017 C51.3004058,77.5256038 55.3966232,75.2369981 58.9976911,71.4967761 C59.9401076,70.5179421 76.3155302,55.6232293 76.6324771,54.2720454 C76.6721165,54.1030573 76.7089039,53.4731496 76.3346867,53.1405352 C75.9604695,52.8079208 75.4081573,52.921662 75.0095933,53.0121213 C74.444641,53.1403447 65.4461175,59.0880351 48.0140228,70.8551922 C45.4598218,72.6091037 43.1463059,73.4636682 41.0734751,73.4188859 C38.7883453,73.3695169 34.3926725,72.1268388 31.1249416,71.0646282 C27.1169366,69.7617838 23.931454,69.0729605 24.208838,66.8603276 C24.3533167,65.7078514 25.9403832,64.5292172 28.9700376,63.3244248 Z\" \/><\/svg><span class=\"wp-block-social-link-label\">Commencez sur Telegram<\/span><\/a><\/li><\/ul>\n<\/div>\n\n\n\n<div class=\"wp-block-group is-style-section-1 has-base-background-color has-background has-global-padding is-layout-constrained wp-container-core-group-is-layout-52009084 wp-block-group-is-layout-constrained is-style-section-1--2\" style=\"border-radius:25px;padding-top:var(--wp--preset--spacing--40);padding-right:var(--wp--preset--spacing--40);padding-bottom:var(--wp--preset--spacing--40);padding-left:var(--wp--preset--spacing--40)\">\n<h2 class=\"wp-block-heading has-text-align-center\">Parfois, lire est mieux qu&rsquo;\u00e9couter<\/h2>\n\n\n\n<p class=\"has-text-align-left\">Es-tu le genre de personne qui aime \u00e9couter des notes vocales bruyantes en public ? Eh bien arr\u00eate, tout le monde te d\u00e9teste ! <\/p>\n\n\n\n<p class=\"has-text-align-left\">Avec CapybarAI\u2122, en instance de brevet, tu peux \u00e9viter la honte publique en transcrivant tes notes vocales et en les lisant dans un silence b\u00e9at, ou sans interrompre tes morceaux pr\u00e9f\u00e9r\u00e9s.<\/p>\n\n\n\n<p>Nous pouvons transcrire des notes vocales dans toutes les langues principales, d&rsquo;une longueur allant jusqu&rsquo;\u00e0 une vingtaine de minutes.<\/p>\n<\/div>\n\n\n\n<div class=\"wp-block-group is-style-section-1 has-base-background-color has-background has-global-padding is-layout-constrained wp-container-core-group-is-layout-e1290588 wp-block-group-is-layout-constrained is-style-section-1--3\" style=\"border-radius:25px;padding-top:var(--wp--preset--spacing--40);padding-right:var(--wp--preset--spacing--40);padding-bottom:var(--wp--preset--spacing--40);padding-left:var(--wp--preset--spacing--40)\">\n<h2 class=\"wp-block-heading has-text-align-center\" style=\"padding-top:0;padding-bottom:var(--wp--preset--spacing--30)\">Comment cela fonctionne-t-il ?<\/h2>\n\n\n\n<p class=\"has-text-align-left\" style=\"padding-top:var(--wp--preset--spacing--20);padding-bottom:var(--wp--preset--spacing--20)\">Notre service de transcription de notes vocales vit sur Telegram, car il offre un service plus ouvert qu&rsquo;iMessage, et n&rsquo;a pas de co\u00fbt.<\/p>\n\n\n\n<p>Voici comment nous envoyer une note vocale depuis iMessage :<\/p>\n\n\n\n<ul class=\"wp-block-list\">\n<li>Appuie longuement sur la note vocale dans iMessage<\/li>\n<\/ul>\n\n\n\n<div class=\"wp-block-group has-medium-font-size is-layout-flex wp-container-core-group-is-layout-92060a6e wp-block-group-is-layout-flex\" style=\"padding-left:0\">\n<ul class=\"wp-block-list\">\n<li>Tape sur l&rsquo;ic\u00f4ne<\/li>\n<\/ul>\n\n\n\n<figure class=\"wp-block-image size-full\"><picture class=\"wp-picture-106\" style=\"display: contents;\"><source type=\"image\/webp\" srcset=\"https:\/\/baraphrase.com\/wp-content\/uploads\/2025\/04\/ios_share_24dp_1F1F1F_FILL0_wght400_GRAD0_opsz24-png.webp\"><img data-dominant-color=\"1f1f1f\" data-has-transparency=\"true\" loading=\"lazy\" decoding=\"async\" width=\"24\" height=\"24\" sizes=\"auto, (max-width: 24px) 100vw, 24px\" src=\"https:\/\/baraphrase.com\/wp-content\/uploads\/2025\/04\/ios_share_24dp_1F1F1F_FILL0_wght400_GRAD0_opsz24.png\" alt=\"Ios share 24dp 1f1f1f fill0 wght400 grad0 opsz24\" class=\"wp-image-106 has-transparency\" style=\"--dominant-color: #1f1f1f; object-fit:cover\"\/><\/picture><\/figure>\n\n\n\n<p>ic\u00f4ne<\/p>\n<\/div>\n\n\n\n<ul class=\"wp-block-list\">\n<li>S\u00e9lectionne Telegram comme lieu de partage<\/li>\n\n\n\n<li>Choisis Baraphrase Transcribe comme destinataire<\/li>\n\n\n\n<li>Profite de ta transcription !<\/li>\n<\/ul>\n<\/div>\n\n\n\n<div class=\"wp-block-group is-style-section-1 has-base-background-color has-background has-global-padding is-layout-constrained wp-container-core-group-is-layout-8a886889 wp-block-group-is-layout-constrained is-style-section-1--4\" style=\"border-radius:25px;padding-top:var(--wp--preset--spacing--40);padding-right:var(--wp--preset--spacing--70);padding-bottom:var(--wp--preset--spacing--40);padding-left:var(--wp--preset--spacing--70)\">\n<figure class=\"wp-block-image size-full\"><picture class=\"wp-picture-154\" style=\"display: contents;\"><source type=\"image\/webp\" srcset=\"https:\/\/baraphrase.com\/wp-content\/uploads\/2025\/04\/imessage-transcribe-pixel-png.webp 2000w, https:\/\/baraphrase.com\/wp-content\/uploads\/2025\/04\/imessage-transcribe-pixel-240x300-png.webp 240w, https:\/\/baraphrase.com\/wp-content\/uploads\/2025\/04\/imessage-transcribe-pixel-818x1024-png.webp 818w, https:\/\/baraphrase.com\/wp-content\/uploads\/2025\/04\/imessage-transcribe-pixel-768x962-png.webp 768w, https:\/\/baraphrase.com\/wp-content\/uploads\/2025\/04\/imessage-transcribe-pixel-1226x1536-png.webp 1226w, https:\/\/baraphrase.com\/wp-content\/uploads\/2025\/04\/imessage-transcribe-pixel-1635x2048-png.webp 1635w\" sizes=\"auto, (max-width: 645px) 100vw, 645px\"><img data-dominant-color=\"bac4d4\" data-has-transparency=\"true\" style=\"--dominant-color: #bac4d4;\" loading=\"lazy\" decoding=\"async\" width=\"2000\" height=\"2505\" sizes=\"auto, (max-width: 645px) 100vw, 645px\" src=\"https:\/\/baraphrase.com\/wp-content\/uploads\/2025\/04\/imessage-transcribe-pixel.png\" alt=\"A chat on iMessage with a long voice note being transcribed by AI.\" class=\"wp-image-154 has-transparency\" srcset=\"https:\/\/baraphrase.com\/wp-content\/uploads\/2025\/04\/imessage-transcribe-pixel.png 2000w, https:\/\/baraphrase.com\/wp-content\/uploads\/2025\/04\/imessage-transcribe-pixel-240x300.png 240w, https:\/\/baraphrase.com\/wp-content\/uploads\/2025\/04\/imessage-transcribe-pixel-818x1024.png 818w, https:\/\/baraphrase.com\/wp-content\/uploads\/2025\/04\/imessage-transcribe-pixel-768x962.png 768w, https:\/\/baraphrase.com\/wp-content\/uploads\/2025\/04\/imessage-transcribe-pixel-1226x1536.png 1226w, https:\/\/baraphrase.com\/wp-content\/uploads\/2025\/04\/imessage-transcribe-pixel-1635x2048.png 1635w\" \/><\/picture><\/figure>\n<\/div>\n\n\n\n<div class=\"wp-block-group is-style-section-1 has-base-background-color has-background has-global-padding is-layout-constrained wp-container-core-group-is-layout-52009084 wp-block-group-is-layout-constrained is-style-section-1--5\" style=\"border-radius:25px;padding-top:var(--wp--preset--spacing--40);padding-right:var(--wp--preset--spacing--40);padding-bottom:var(--wp--preset--spacing--40);padding-left:var(--wp--preset--spacing--40)\">\n<h2 class=\"wp-block-heading has-text-align-center\">Transcrire des notes vocales \u00e0 partir de n&rsquo;importe quelle application de chat<\/h2>\n\n\n\n<p class=\"has-text-align-left\">Le bot de transcription Baraphrase Telegram accepte les notes vocales de n&rsquo;importe quelle source, il suffit de transf\u00e9rer ou de repartager le fichier audio. Profite d&rsquo;une transcription instantan\u00e9e \u00e0 partir de :<\/p>\n\n\n\n<ul class=\"wp-block-list\">\n<li><a href=\"https:\/\/baraphrase.com\/transcribe\/whatsapp\/\" title=\"Transcribe \u2013 WhatsApp\">WhatsApp<\/a><\/li>\n\n\n\n<li><a href=\"https:\/\/baraphrase.com\/transcribe\/beeper\/\" title=\"Transcribe \u2013 Beeper\">Beeper<\/a><\/li>\n\n\n\n<li><a href=\"https:\/\/baraphrase.com\/transcribe\/messenger\/\" title=\"Transcribe \u2013 Messenger\">Messenger<\/a><\/li>\n<\/ul>\n<\/div>\n\n\n\n<div class=\"wp-block-group is-style-section-1 has-base-background-color has-background has-global-padding is-layout-constrained wp-container-core-group-is-layout-52009084 wp-block-group-is-layout-constrained is-style-section-1--6\" style=\"border-radius:25px;padding-top:var(--wp--preset--spacing--40);padding-right:var(--wp--preset--spacing--40);padding-bottom:var(--wp--preset--spacing--40);padding-left:var(--wp--preset--spacing--40)\">\n<h2 class=\"wp-block-heading has-text-align-center\">FAQ<\/h2>\n\n\n\n<details class=\"wp-block-details is-layout-flow wp-block-details-is-layout-flow\" open><summary>Dois-je m&rsquo;inscrire ?<\/summary>\n<p>Non ! Tu peux acc\u00e9der \u00e0 notre bot de transcription Telegram de mani\u00e8re totalement anonyme si tu le souhaites. Nous n&rsquo;avons pas besoin de tes donn\u00e9es personnelles, et nous n&rsquo;en voulons pas non plus.<\/p>\n<\/details>\n\n\n\n<details class=\"wp-block-details is-layout-flow wp-block-details-is-layout-flow\"><summary>Baraphrase est-il s\u00e9curis\u00e9 ?<\/summary>\n<p>Oui ! Nous utilisons uniquement les notes vocales que tu nous envoies pour cr\u00e9er des transcriptions, et nous ne collectons ni ne conservons aucune information sensible. Les donn\u00e9es que tu nous envoies ne sont \u00e9galement jamais utilis\u00e9es pour entra\u00eener des mod\u00e8les d&rsquo;IA<\/p>\n<\/details>\n\n\n\n<details class=\"wp-block-details is-layout-flow wp-block-details-is-layout-flow\"><summary>Pourquoi dois-je utiliser Telegram ?<\/summary>\n<p>Telegram offre la meilleure combinaison de confidentialit\u00e9, de facilit\u00e9 d&rsquo;utilisation et de faible co\u00fbt. Les autres plateformes de chat font payer l&rsquo;acc\u00e8s \u00e0 leur service (par exemple WhatsApp), ou collectent trop d&rsquo;informations personnelles (par exemple Messenger).<\/p>\n<\/details>\n\n\n\n<details class=\"wp-block-details is-layout-flow wp-block-details-is-layout-flow\"><summary>Y a-t-il des limites d&rsquo;utilisation ?<\/summary>\n<p>Pour l&rsquo;instant, Baraphrase est totalement gratuit. \u00c0 l&rsquo;avenir, nous pourrons introduire des paliers payants ou de la publicit\u00e9 pour soutenir le service. <\/p>\n<\/details>\n\n\n\n<details class=\"wp-block-details is-layout-flow wp-block-details-is-layout-flow\"><summary>Puis-je envoyer des notes vocales tr\u00e8s longues ?<\/summary>\n<p>Oui ! Les notes vocales d&rsquo;une dur\u00e9e maximale de 20 minutes devraient fonctionner correctement, mais garde \u00e0 l&rsquo;esprit que les notes vocales vraiment longues peuvent cr\u00e9er une transcription plus longue que la limite de messages de Telegram (4096 caract\u00e8res).<\/p>\n<\/details>\n<\/div>\n\n\n\n<div class=\"wp-block-group is-style-section-1 has-base-background-color has-background has-global-padding is-layout-constrained wp-container-core-group-is-layout-52009084 wp-block-group-is-layout-constrained is-style-section-1--7\" style=\"border-radius:25px;padding-top:var(--wp--preset--spacing--40);padding-right:var(--wp--preset--spacing--40);padding-bottom:var(--wp--preset--spacing--40);padding-left:var(--wp--preset--spacing--40)\">\n<h2 class=\"wp-block-heading has-text-align-center\">Obtenir une transcription<\/h2>\n\n\n\n<p class=\"has-text-align-center\">Simple, priv\u00e9, et aucune inscription n&rsquo;est n\u00e9cessaire.<\/p>\n\n\n\n<ul class=\"wp-block-social-links has-visible-labels has-icon-background-color is-style-default is-content-justification-center is-layout-flex wp-container-core-social-links-is-layout-a89b3969 wp-block-social-links-is-layout-flex\"><li style=\"background-color:#24a1de;\" class=\"wp-social-link wp-social-link-telegram  wp-block-social-link\"><a href=\"https:\/\/t.me\/BarascribeBot\" class=\"wp-block-social-link-anchor\"><svg width=\"24\" height=\"24\" viewBox=\"0 0 128 128\" version=\"1.1\" xmlns=\"http:\/\/www.w3.org\/2000\/svg\" aria-hidden=\"true\" focusable=\"false\"><path d=\"M28.9700376,63.3244248 C47.6273373,55.1957357 60.0684594,49.8368063 66.2934036,47.2476366 C84.0668845,39.855031 87.7600616,38.5708563 90.1672227,38.528 C90.6966555,38.5191258 91.8804274,38.6503351 92.6472251,39.2725385 C93.294694,39.7979149 93.4728387,40.5076237 93.5580865,41.0057381 C93.6433345,41.5038525 93.7494885,42.63857 93.6651041,43.5252052 C92.7019529,53.6451182 88.5344133,78.2034783 86.4142057,89.5379542 C85.5170662,94.3339958 83.750571,95.9420841 82.0403991,96.0994568 C78.3237996,96.4414641 75.5015827,93.6432685 71.9018743,91.2836143 C66.2690414,87.5912212 63.0868492,85.2926952 57.6192095,81.6896017 C51.3004058,77.5256038 55.3966232,75.2369981 58.9976911,71.4967761 C59.9401076,70.5179421 76.3155302,55.6232293 76.6324771,54.2720454 C76.6721165,54.1030573 76.7089039,53.4731496 76.3346867,53.1405352 C75.9604695,52.8079208 75.4081573,52.921662 75.0095933,53.0121213 C74.444641,53.1403447 65.4461175,59.0880351 48.0140228,70.8551922 C45.4598218,72.6091037 43.1463059,73.4636682 41.0734751,73.4188859 C38.7883453,73.3695169 34.3926725,72.1268388 31.1249416,71.0646282 C27.1169366,69.7617838 23.931454,69.0729605 24.208838,66.8603276 C24.3533167,65.7078514 25.9403832,64.5292172 28.9700376,63.3244248 Z\" \/><\/svg><span class=\"wp-block-social-link-label\">Commencez sur Telegram<\/span><\/a><\/li><\/ul>\n<\/div>\n\n\n\n<div class=\"wp-block-group is-style-section-1 has-base-background-color has-background has-global-padding is-layout-constrained wp-container-core-group-is-layout-52009084 wp-block-group-is-layout-constrained is-style-section-1--8\" style=\"border-radius:25px;padding-top:var(--wp--preset--spacing--40);padding-right:var(--wp--preset--spacing--40);padding-bottom:var(--wp--preset--spacing--40);padding-left:var(--wp--preset--spacing--40)\"><nav class=\"breadcrumbs\" aria-label=\"Fil d\u2019Ariane\"><a href=\"https:\/\/baraphrase.com\/\" class=\"breadcrumb breadcrumb--first\">Home<\/a> <span class='breadcrumbs__separator' aria-hidden='true'>\u2192<\/span> <a href=\"#\" class=\"breadcrumb\">Parent<\/a><\/nav><\/div>\n","protected":false},"excerpt":{"rendered":"<p>Transcris instantan\u00e9ment les notes vocales d&rsquo;iMessage Transf\u00e8re tes notes vocales dans iMessage pour recevoir une transcription instantan\u00e9e et pr\u00e9cise. Parfois, lire est mieux qu&rsquo;\u00e9couter Es-tu le genre de personne qui aime \u00e9couter des notes vocales bruyantes en public ? Eh bien arr\u00eate, tout le monde te d\u00e9teste ! Avec CapybarAI\u2122, en instance de brevet, tu [&hellip;]<\/p>\n","protected":false},"author":1,"featured_media":0,"parent":377,"menu_order":0,"comment_status":"closed","ping_status":"closed","template":"wp-custom-template-page-no-title-fr","meta":{"slim_seo":{"title":"Transcris instantan\u00e9ment les notes vocales d'iMessage - Baraphrase","facebook_image":"https:\/\/baraphrase.com\/wp-content\/uploads\/2025\/09\/baraphrase-logo.png","twitter_image":"https:\/\/baraphrase.com\/wp-content\/uploads\/2025\/09\/baraphrase-logo.png","description":"Transcris instantan\u00e9ment les notes vocales d'iMessage Transf\u00e8re tes notes vocales dans iMessage pour recevoir une transcription instantan\u00e9e et pr\u00e9cise. Parfois,"},"_locale":"fr_FR","_original_post":"https:\/\/baraphrase.com\/?page_id=153","footnotes":""},"class_list":["post-383","page","type-page","status-publish","hentry","fr-FR"],"_links":{"self":[{"href":"https:\/\/baraphrase.com\/wp-json\/wp\/v2\/pages\/383","targetHints":{"allow":["GET"]}}],"collection":[{"href":"https:\/\/baraphrase.com\/wp-json\/wp\/v2\/pages"}],"about":[{"href":"https:\/\/baraphrase.com\/wp-json\/wp\/v2\/types\/page"}],"author":[{"embeddable":true,"href":"https:\/\/baraphrase.com\/wp-json\/wp\/v2\/users\/1"}],"replies":[{"embeddable":true,"href":"https:\/\/baraphrase.com\/wp-json\/wp\/v2\/comments?post=383"}],"version-history":[{"count":3,"href":"https:\/\/baraphrase.com\/wp-json\/wp\/v2\/pages\/383\/revisions"}],"predecessor-version":[{"id":506,"href":"https:\/\/baraphrase.com\/wp-json\/wp\/v2\/pages\/383\/revisions\/506"}],"up":[{"embeddable":true,"href":"https:\/\/baraphrase.com\/wp-json\/wp\/v2\/pages\/377"}],"wp:attachment":[{"href":"https:\/\/baraphrase.com\/wp-json\/wp\/v2\/media?parent=383"}],"curies":[{"name":"wp","href":"https:\/\/api.w.org\/{rel}","templated":true}]}}