{"id":360,"date":"2025-05-03T16:33:57","date_gmt":"2025-05-03T16:33:57","guid":{"rendered":"https:\/\/baraphrase.com\/?page_id=360"},"modified":"2025-09-11T16:13:50","modified_gmt":"2025-09-11T16:13:50","slug":"privacy","status":"publish","type":"page","link":"https:\/\/baraphrase.com\/fr\/privacy\/","title":{"rendered":"Vie priv\u00e9e"},"content":{"rendered":"\n<div class=\"wp-block-group is-style-section-1 has-base-background-color has-background has-global-padding is-layout-constrained wp-container-core-group-is-layout-52009084 wp-block-group-is-layout-constrained is-style-section-1--1\" style=\"border-radius:25px;padding-top:var(--wp--preset--spacing--40);padding-right:var(--wp--preset--spacing--40);padding-bottom:var(--wp--preset--spacing--40);padding-left:var(--wp--preset--spacing--40)\">\n<figure class=\"wp-block-image aligncenter size-full is-resized is-style-rounded\"><picture class=\"wp-picture-462\" style=\"display: contents;\"><source type=\"image\/webp\" srcset=\"https:\/\/baraphrase.com\/wp-content\/uploads\/2025\/09\/barry-worried-png.webp 750w, https:\/\/baraphrase.com\/wp-content\/uploads\/2025\/09\/barry-worried-225x300-png.webp 225w, https:\/\/baraphrase.com\/wp-content\/uploads\/2025\/09\/barry-worried-645x860-png.webp 645w\" sizes=\"auto, (max-width: 250px) 100vw, 250px\"><img data-dominant-color=\"bc895d\" data-has-transparency=\"true\" loading=\"lazy\" decoding=\"async\" width=\"750\" height=\"1000\" sizes=\"auto, (max-width: 250px) 100vw, 250px\" src=\"https:\/\/baraphrase.com\/wp-content\/uploads\/2025\/09\/barry-worried.png\" alt=\"Barry worried\" class=\"wp-image-462 has-transparency\" style=\"--dominant-color: #bc895d; width:250px\" srcset=\"https:\/\/baraphrase.com\/wp-content\/uploads\/2025\/09\/barry-worried.png 750w, https:\/\/baraphrase.com\/wp-content\/uploads\/2025\/09\/barry-worried-225x300.png 225w, https:\/\/baraphrase.com\/wp-content\/uploads\/2025\/09\/barry-worried-645x860.png 645w\" \/><\/picture><\/figure>\n\n\n\n<h1 class=\"wp-block-heading has-text-align-center\">Notre politique de confidentialit\u00e9<\/h1>\n\n\n\n<p>En utilisant Baraphrase, tu acceptes notre politique de confidentialit\u00e9. S&rsquo;il te pla\u00eet, ne nous fais pas de proc\u00e8s.<\/p>\n\n\n\n<h2 class=\"wp-block-heading\">1. Nous ne voulons pas de tes donn\u00e9es<\/h2>\n\n\n\n<p>Les capybaras sont des cr\u00e9atures tr\u00e8s priv\u00e9es, c&rsquo;est pourquoi nous accordons de l&rsquo;importance \u00e0 ta vie priv\u00e9e. Nous n&rsquo;avons pas besoin de tes donn\u00e9es personnelles, nous ne voulons pas de tes donn\u00e9es personnelles, s&rsquo;il te pla\u00eet, ne nous envoie pas tes donn\u00e9es personnelles<\/p>\n\n\n\n<h2 class=\"wp-block-heading\">2. Nous n&rsquo;aimons pas les biscuits<\/h2>\n\n\n\n<p>Nous mangeons principalement des fruits et des l\u00e9gumes. Ce site Web utilise quelques cookies fonctionnels que tu peux bloquer si tu le souhaites, mais aucun cookie qui recueille des donn\u00e9es sur toi.<\/p>\n\n\n\n<h2 class=\"wp-block-heading\">3. Nous traiterons les donn\u00e9es que tu nous envoies<\/h2>\n\n\n\n<p>Les notes vocales que tu nous envoies sur Telegram seront trait\u00e9es pour te donner la transcription, le r\u00e9sum\u00e9 ou la traduction que tu as demand\u00e9s. Cela implique d&rsquo;envoyer le fichier \u00e0 des tiers qui transcrivent, r\u00e9sument et traduisent l&rsquo;audio. Ces tiers utilisent une s\u00e9curit\u00e9 conforme aux normes de l&rsquo;industrie, et tes donn\u00e9es sont trait\u00e9es dans un environnement crypt\u00e9. Une fois que nous avons fini de traiter tes donn\u00e9es, elles sont supprim\u00e9es.<\/p>\n\n\n\n<h2 class=\"wp-block-heading\">4. Notre service<\/h2>\n\n\n\n<p>Nous faisons de notre mieux pour offrir un service fiable, mais nous sommes occup\u00e9s \u00e0 d&rsquo;autres choses Capybara (se tenir dans les champs, s&rsquo;asseoir dans des \u00e9tangs peu profonds, \u00eatre g\u00e9n\u00e9ralement chill) et ne donnons donc aucune garantie sur la disponibilit\u00e9, la fiabilit\u00e9 ou l&rsquo;exactitude de nos services.<\/p>\n\n\n\n<p><a href=\"https:\/\/baraphrase.com\/\" title=\"Home\">\u2190 Retour \u00e0 la maison<\/a><\/p>\n<\/div>\n","protected":false},"excerpt":{"rendered":"<p>Notre politique de confidentialit\u00e9 En utilisant Baraphrase, tu acceptes notre politique de confidentialit\u00e9. S&rsquo;il te pla\u00eet, ne nous fais pas de proc\u00e8s. 1. Nous ne voulons pas de tes donn\u00e9es Les capybaras sont des cr\u00e9atures tr\u00e8s priv\u00e9es, c&rsquo;est pourquoi nous accordons de l&rsquo;importance \u00e0 ta vie priv\u00e9e. Nous n&rsquo;avons pas besoin de tes donn\u00e9es personnelles, [&hellip;]<\/p>\n","protected":false},"author":1,"featured_media":0,"parent":0,"menu_order":0,"comment_status":"closed","ping_status":"closed","template":"wp-custom-template-page-no-title-fr","meta":{"slim_seo":{"facebook_image":"https:\/\/baraphrase.com\/wp-content\/uploads\/2025\/09\/baraphrase-logo.png","twitter_image":"https:\/\/baraphrase.com\/wp-content\/uploads\/2025\/09\/baraphrase-logo.png","title":"Vie priv\u00e9e - Baraphrase","description":"Notre politique de confidentialit\u00e9 En utilisant Baraphrase, tu acceptes notre politique de confidentialit\u00e9. S'il te pla\u00eet, ne nous fais pas de proc\u00e8s. 1. Nous n"},"_locale":"fr_FR","_original_post":"https:\/\/baraphrase.com\/?page_id=84","footnotes":""},"class_list":["post-360","page","type-page","status-publish","hentry","fr-FR"],"_links":{"self":[{"href":"https:\/\/baraphrase.com\/wp-json\/wp\/v2\/pages\/360","targetHints":{"allow":["GET"]}}],"collection":[{"href":"https:\/\/baraphrase.com\/wp-json\/wp\/v2\/pages"}],"about":[{"href":"https:\/\/baraphrase.com\/wp-json\/wp\/v2\/types\/page"}],"author":[{"embeddable":true,"href":"https:\/\/baraphrase.com\/wp-json\/wp\/v2\/users\/1"}],"replies":[{"embeddable":true,"href":"https:\/\/baraphrase.com\/wp-json\/wp\/v2\/comments?post=360"}],"version-history":[{"count":2,"href":"https:\/\/baraphrase.com\/wp-json\/wp\/v2\/pages\/360\/revisions"}],"predecessor-version":[{"id":515,"href":"https:\/\/baraphrase.com\/wp-json\/wp\/v2\/pages\/360\/revisions\/515"}],"wp:attachment":[{"href":"https:\/\/baraphrase.com\/wp-json\/wp\/v2\/media?parent=360"}],"curies":[{"name":"wp","href":"https:\/\/api.w.org\/{rel}","templated":true}]}}