{"id":669,"date":"2026-01-21T15:44:58","date_gmt":"2026-01-21T15:44:58","guid":{"rendered":"https:\/\/baraphrase.com\/?page_id=669"},"modified":"2026-01-21T15:45:21","modified_gmt":"2026-01-21T15:45:21","slug":"fair-use","status":"publish","type":"page","link":"https:\/\/baraphrase.com\/es\/fair-use\/","title":{"rendered":"Pol\u00edtica de uso justo"},"content":{"rendered":"\n<div class=\"wp-block-group is-style-section-1 has-base-background-color has-background has-global-padding is-layout-constrained wp-container-core-group-is-layout-b469d2d1 wp-block-group-is-layout-constrained is-style-section-1--1\" style=\"border-radius:50px;padding-top:var(--wp--preset--spacing--40);padding-right:var(--wp--preset--spacing--40);padding-bottom:var(--wp--preset--spacing--40);padding-left:var(--wp--preset--spacing--40)\">\n<h1 class=\"wp-block-heading\">Pol\u00edtica de uso justo<\/h1>\n\n\n\n<p>Lamentablemente, debido al abuso del servicio gratuito de Baraphrase por parte de algunos usuarios, me he visto obligado a introducir una pol\u00edtica de uso justo. La pol\u00edtica funciona as\u00ed:<\/p>\n\n\n\n<ul class=\"wp-block-list\">\n<li>Cada usuario dispone de 10 transcripciones, traducciones y\/o res\u00famenes por d\u00eda.<\/li>\n\n\n\n<li>Si llevas m\u00e1s de 3 meses usando el servicio, este l\u00edmite aumentar\u00e1 a 20.<\/li>\n\n\n\n<li>Si generas m\u00e1s de 10 errores al d\u00eda, ser\u00e1s suspendido. Esto se debe a que muchos usuarios nuevos han intentado saturar los bots enviando m\u00faltiples archivos de audio y v\u00eddeo sin un prop\u00f3sito claro. Si no sabes leer un simple mensaje de error, este servicio no es para ti.<\/li>\n<\/ul>\n\n\n\n<h2 class=\"wp-block-heading has-text-align-center\">Preguntas frecuentes<\/h2>\n\n\n\n<div class=\"wp-block-group has-base-background-color has-background has-global-padding is-layout-constrained wp-container-core-group-is-layout-52009084 wp-block-group-is-layout-constrained\" style=\"border-radius:25px;padding-top:var(--wp--preset--spacing--40);padding-right:var(--wp--preset--spacing--40);padding-bottom:var(--wp--preset--spacing--40);padding-left:var(--wp--preset--spacing--40)\">\n<details class=\"wp-block-details is-layout-flow wp-block-details-is-layout-flow\" open><summary>\u00bfPuedo pagar para aumentar mis l\u00edmites?<\/summary>\n<p>No.<\/p>\n<\/details>\n\n\n\n<details class=\"wp-block-details is-layout-flow wp-block-details-is-layout-flow\"><summary>\u00bfPuedo seguir enviando notas de voz de cualquier duraci\u00f3n?<\/summary>\n<p>S\u00ed, solo contamos el n\u00famero de notas de voz, no su duraci\u00f3n.<\/p>\n<\/details>\n\n\n\n<details class=\"wp-block-details is-layout-flow wp-block-details-is-layout-flow\"><summary>\u00a1Envi\u00e9 600 archivos mp3 por accidente! \u00bfPuedo recuperar el acceso?<\/summary>\n<p>No.<\/p>\n<\/details>\n\n\n\n<details class=\"wp-block-details is-layout-flow wp-block-details-is-layout-flow\"><summary>\u00a1Prometiste que Baraphrase ser\u00eda gratis para siempre!<\/summary>\n<p>Sigue siendo gratis, solo que con l\u00edmites. Para que te hagas una idea, del coste total mensual de funcionamiento del servicio, el 85\u202f% correspond\u00eda a solo 4 usuarios. Adem\u00e1s del coste, esos mismos usuarios hac\u00edan el servicio inutilizable para los dem\u00e1s en ciertos momentos al poner en cola entre 50 y 100 archivos de audio para procesar.<\/p>\n<\/details>\n<\/div>\n<\/div>\n\n\n\n<div class=\"wp-block-group is-style-section-1 has-base-background-color has-background has-global-padding is-layout-constrained wp-container-core-group-is-layout-52009084 wp-block-group-is-layout-constrained is-style-section-1--2\" style=\"border-top-left-radius:50px;border-top-right-radius:50px;border-bottom-left-radius:50px;border-bottom-right-radius:50px;padding-top:var(--wp--preset--spacing--40);padding-right:var(--wp--preset--spacing--40);padding-bottom:var(--wp--preset--spacing--40);padding-left:var(--wp--preset--spacing--40)\"><nav class=\"breadcrumbs\" aria-label=\"Migas de pan\"><a href=\"https:\/\/baraphrase.com\/\" class=\"breadcrumb breadcrumb--first\">\u2190 Inicio<\/a> <span class='breadcrumbs__separator' aria-hidden='true'>\u2192<\/span> <a href=\"#\" class=\"breadcrumb\">Parent<\/a><\/nav><\/div>\n","protected":false},"excerpt":{"rendered":"<p>Pol\u00edtica de uso justo Lamentablemente, debido al abuso del servicio gratuito de Baraphrase por parte de algunos usuarios, me he visto obligado a introducir una pol\u00edtica de uso justo. La pol\u00edtica funciona as\u00ed: Preguntas frecuentes<\/p>\n","protected":false},"author":1,"featured_media":0,"parent":0,"menu_order":0,"comment_status":"closed","ping_status":"closed","template":"wp-custom-template-page-no-title-es","meta":{"slim_seo":{"title":"Pol\u00edtica de uso justo - Baraphrase","description":"Pol\u00edtica de uso justo Lamentablemente, debido al abuso del servicio gratuito de Baraphrase por parte de algunos usuarios, me he visto obligado a introducir una"},"_locale":"es_ES","_original_post":"https:\/\/baraphrase.com\/?page_id=667","footnotes":""},"class_list":["post-669","page","type-page","status-publish","hentry","es-ES"],"_links":{"self":[{"href":"https:\/\/baraphrase.com\/wp-json\/wp\/v2\/pages\/669","targetHints":{"allow":["GET"]}}],"collection":[{"href":"https:\/\/baraphrase.com\/wp-json\/wp\/v2\/pages"}],"about":[{"href":"https:\/\/baraphrase.com\/wp-json\/wp\/v2\/types\/page"}],"author":[{"embeddable":true,"href":"https:\/\/baraphrase.com\/wp-json\/wp\/v2\/users\/1"}],"replies":[{"embeddable":true,"href":"https:\/\/baraphrase.com\/wp-json\/wp\/v2\/comments?post=669"}],"version-history":[{"count":2,"href":"https:\/\/baraphrase.com\/wp-json\/wp\/v2\/pages\/669\/revisions"}],"predecessor-version":[{"id":673,"href":"https:\/\/baraphrase.com\/wp-json\/wp\/v2\/pages\/669\/revisions\/673"}],"wp:attachment":[{"href":"https:\/\/baraphrase.com\/wp-json\/wp\/v2\/media?parent=669"}],"curies":[{"name":"wp","href":"https:\/\/api.w.org\/{rel}","templated":true}]}}