{"id":648,"date":"2025-12-15T20:46:16","date_gmt":"2025-12-15T20:46:16","guid":{"rendered":"https:\/\/baraphrase.com\/?page_id=648"},"modified":"2025-12-15T20:46:16","modified_gmt":"2025-12-15T20:46:16","slug":"about","status":"publish","type":"page","link":"https:\/\/baraphrase.com\/es\/about\/","title":{"rendered":"Sobre Baraphrase"},"content":{"rendered":"\n<div class=\"wp-block-group is-style-section-1 has-base-background-color has-background has-global-padding is-layout-constrained wp-container-core-group-is-layout-b469d2d1 wp-block-group-is-layout-constrained is-style-section-1--1\" style=\"border-radius:50px;padding-top:var(--wp--preset--spacing--40);padding-right:var(--wp--preset--spacing--40);padding-bottom:var(--wp--preset--spacing--40);padding-left:var(--wp--preset--spacing--40)\">\n<h1 class=\"wp-block-heading\">Sobre Baraphrase<\/h1>\n\n\n\n<p>Este es un proyecto paralelo m\u00edo, <a href=\"https:\/\/www.linkedin.com\/in\/norrisjon\/\" title=\"\">Jon<\/a>. Me dedico al marketing, pero me gusta estirarme un poco en el lado t\u00e9cnico.<\/p>\n\n\n\n<p>Hay dos cosas que deber\u00edas saber sobre m\u00ed:<\/p>\n\n\n\n<ul class=\"wp-block-list\">\n<li>Odio las notas de voz.<\/li>\n\n\n\n<li>Vivo y trabajo en entornos multiling\u00fces y multiculturales.<\/li>\n<\/ul>\n\n\n\n<p>As\u00ed que decid\u00ed crear algo que pudiera ayudarme con ambas cosas: una herramienta que me permitiera transcribir, traducir y resumir r\u00e1pidamente las notas de voz que recibo en cualquier idioma.<\/p>\n\n\n\n<p>Varias personas me pidieron acceso, as\u00ed que decid\u00ed lanzarla p\u00fablicamente para ayudar a quienes est\u00e1n en la misma situaci\u00f3n. Baraphrase ahora tiene m\u00e1s de 1.000 usuarios y procesa horas de notas de voz todos los d\u00edas.<\/p>\n\n\n\n<h2 class=\"wp-block-heading\">\u00bfPor qu\u00e9 es gratis?<\/h2>\n\n\n\n<p>Por tres razones:<\/p>\n\n\n\n<ul class=\"wp-block-list\">\n<li>Cuesta muy poco mantenerlo (unos 10\u202f\u20ac al mes de media).<\/li>\n\n\n\n<li>No quiero tener que lidiar con servicios de procesamiento de pagos.<\/li>\n\n\n\n<li>La web est\u00e1 sobre-monetizada, y quer\u00eda crear algo que ofreciera un servicio sencillo, gratuito y sin exigir todos tus datos personales.<\/li>\n<\/ul>\n\n\n\n<p>Mi plan es ofrecer Baraphrase gratis, sin l\u00edmites, durante el mayor tiempo posible. Sin embargo, hay algunas condiciones.<\/p>\n\n\n\n<ul class=\"wp-block-list\">\n<li>Si lo usas para procesar audio en masa o para cosas para las que no est\u00e1 dise\u00f1ado \u2014especialmente si eso degrada el servicio a otros usuarios\u2014, probablemente te bloquee. Algunos ejemplos de usos que han llevado a bloqueos en el pasado:\n<ul class=\"wp-block-list\">\n<li>A\u00f1adir Baraphrase Transcribe a un grupo de m\u00fasica en Telegram para crear transcripciones autom\u00e1ticas de cada canci\u00f3n subida.<\/li>\n\n\n\n<li>Una modelo de OnlyFans que usaba Baraphrase para resumir todas las notas de voz provocativas que le enviaban sus suscriptores.<\/li>\n\n\n\n<li>Alguien que sub\u00eda cientos de archivos de audio de 2 o 3 segundos para transcribirlos en lote.<\/li>\n<\/ul>\n<\/li>\n\n\n\n<li>Si Baraphrase crece hasta el punto en que los costes mensuales de infraestructura se vuelvan elevados, es posible que implemente l\u00edmites diarios para todos los usuarios.<\/li>\n<\/ul>\n<\/div>\n\n\n\n<div class=\"wp-block-group is-style-section-1 has-base-background-color has-background has-global-padding is-layout-constrained wp-container-core-group-is-layout-52009084 wp-block-group-is-layout-constrained is-style-section-1--2\" style=\"border-top-left-radius:50px;border-top-right-radius:50px;border-bottom-left-radius:50px;border-bottom-right-radius:50px;padding-top:var(--wp--preset--spacing--40);padding-right:var(--wp--preset--spacing--40);padding-bottom:var(--wp--preset--spacing--40);padding-left:var(--wp--preset--spacing--40)\"><nav class=\"breadcrumbs\" aria-label=\"Migas de pan\"><a href=\"https:\/\/baraphrase.com\/\" class=\"breadcrumb breadcrumb--first\">\u2190 Inicio<\/a> <span class='breadcrumbs__separator' aria-hidden='true'>\u2192<\/span> <a href=\"#\" class=\"breadcrumb\">Parent<\/a><\/nav><\/div>\n","protected":false},"excerpt":{"rendered":"<p>Sobre Baraphrase Este es un proyecto paralelo m\u00edo, Jon. Me dedico al marketing, pero me gusta estirarme un poco en el lado t\u00e9cnico. Hay dos cosas que deber\u00edas saber sobre m\u00ed: As\u00ed que decid\u00ed crear algo que pudiera ayudarme con ambas cosas: una herramienta que me permitiera transcribir, traducir y resumir r\u00e1pidamente las notas de [&hellip;]<\/p>\n","protected":false},"author":1,"featured_media":0,"parent":0,"menu_order":0,"comment_status":"closed","ping_status":"closed","template":"wp-custom-template-page-no-title-es","meta":{"slim_seo":{"facebook_image":"https:\/\/baraphrase.com\/wp-content\/uploads\/2025\/09\/baraphrase-logo.png","twitter_image":"https:\/\/baraphrase.com\/wp-content\/uploads\/2025\/09\/baraphrase-logo.png","title":"Sobre Baraphrase - Baraphrase","description":"Sobre Baraphrase Este es un proyecto paralelo m\u00edo, Jon . Me dedico al marketing, pero me gusta estirarme un poco en el lado t\u00e9cnico. Hay dos cosas que deber\u00edas"},"_locale":"es_ES","_original_post":"https:\/\/baraphrase.com\/?page_id=591","footnotes":""},"class_list":["post-648","page","type-page","status-publish","hentry","es-ES"],"_links":{"self":[{"href":"https:\/\/baraphrase.com\/wp-json\/wp\/v2\/pages\/648","targetHints":{"allow":["GET"]}}],"collection":[{"href":"https:\/\/baraphrase.com\/wp-json\/wp\/v2\/pages"}],"about":[{"href":"https:\/\/baraphrase.com\/wp-json\/wp\/v2\/types\/page"}],"author":[{"embeddable":true,"href":"https:\/\/baraphrase.com\/wp-json\/wp\/v2\/users\/1"}],"replies":[{"embeddable":true,"href":"https:\/\/baraphrase.com\/wp-json\/wp\/v2\/comments?post=648"}],"version-history":[{"count":2,"href":"https:\/\/baraphrase.com\/wp-json\/wp\/v2\/pages\/648\/revisions"}],"predecessor-version":[{"id":652,"href":"https:\/\/baraphrase.com\/wp-json\/wp\/v2\/pages\/648\/revisions\/652"}],"wp:attachment":[{"href":"https:\/\/baraphrase.com\/wp-json\/wp\/v2\/media?parent=648"}],"curies":[{"name":"wp","href":"https:\/\/api.w.org\/{rel}","templated":true}]}}