{"id":241,"date":"2025-04-27T12:18:18","date_gmt":"2025-04-27T12:18:18","guid":{"rendered":"https:\/\/baraphrase.com\/?page_id=241"},"modified":"2025-09-11T15:53:43","modified_gmt":"2025-09-11T15:53:43","slug":"messenger","status":"publish","type":"page","link":"https:\/\/baraphrase.com\/es\/summarize\/messenger\/","title":{"rendered":"Resumir &#8211; Messenger"},"content":{"rendered":"\n<div class=\"wp-block-group is-style-section-1 has-base-background-color has-background has-global-padding is-layout-constrained wp-container-core-group-is-layout-52009084 wp-block-group-is-layout-constrained is-style-section-1--1\" style=\"border-radius:25px;padding-top:var(--wp--preset--spacing--40);padding-right:var(--wp--preset--spacing--40);padding-bottom:var(--wp--preset--spacing--40);padding-left:var(--wp--preset--spacing--40)\">\n<figure class=\"wp-block-image aligncenter size-full is-resized is-style-rounded\"><picture class=\"wp-picture-455\" style=\"display: contents;\"><source type=\"image\/webp\" srcset=\"https:\/\/baraphrase.com\/wp-content\/uploads\/2025\/09\/barry-png.webp 750w, https:\/\/baraphrase.com\/wp-content\/uploads\/2025\/09\/barry-225x300-png.webp 225w, https:\/\/baraphrase.com\/wp-content\/uploads\/2025\/09\/barry-645x860-png.webp 645w\" sizes=\"auto, (max-width: 250px) 100vw, 250px\"><img data-dominant-color=\"bd8a5e\" data-has-transparency=\"true\" loading=\"lazy\" decoding=\"async\" width=\"750\" height=\"1000\" sizes=\"auto, (max-width: 250px) 100vw, 250px\" src=\"https:\/\/baraphrase.com\/wp-content\/uploads\/2025\/09\/barry.png\" alt=\"Barry\" class=\"wp-image-455 has-transparency\" style=\"--dominant-color: #bd8a5e; width:250px\" srcset=\"https:\/\/baraphrase.com\/wp-content\/uploads\/2025\/09\/barry.png 750w, https:\/\/baraphrase.com\/wp-content\/uploads\/2025\/09\/barry-225x300.png 225w, https:\/\/baraphrase.com\/wp-content\/uploads\/2025\/09\/barry-645x860.png 645w\" \/><\/picture><\/figure>\n\n\n\n<h1 class=\"wp-block-heading has-text-align-center\">Resume las notas de voz de Messenger al instante<\/h1>\n\n\n\n<p class=\"has-text-align-center\">Reenv\u00eda tus notas de voz en Facebook Messenger para recibir un r\u00e1pido resumen en texto con la informaci\u00f3n clave.<\/p>\n\n\n\n<ul class=\"wp-block-social-links has-visible-labels has-icon-background-color is-style-default is-content-justification-center is-layout-flex wp-container-core-social-links-is-layout-a89b3969 wp-block-social-links-is-layout-flex\"><li style=\"background-color:#24a1de;\" class=\"wp-social-link wp-social-link-telegram  wp-block-social-link\"><a href=\"https:\/\/t.me\/BarasumBot\" class=\"wp-block-social-link-anchor\"><svg width=\"24\" height=\"24\" viewBox=\"0 0 128 128\" version=\"1.1\" xmlns=\"http:\/\/www.w3.org\/2000\/svg\" aria-hidden=\"true\" focusable=\"false\"><path d=\"M28.9700376,63.3244248 C47.6273373,55.1957357 60.0684594,49.8368063 66.2934036,47.2476366 C84.0668845,39.855031 87.7600616,38.5708563 90.1672227,38.528 C90.6966555,38.5191258 91.8804274,38.6503351 92.6472251,39.2725385 C93.294694,39.7979149 93.4728387,40.5076237 93.5580865,41.0057381 C93.6433345,41.5038525 93.7494885,42.63857 93.6651041,43.5252052 C92.7019529,53.6451182 88.5344133,78.2034783 86.4142057,89.5379542 C85.5170662,94.3339958 83.750571,95.9420841 82.0403991,96.0994568 C78.3237996,96.4414641 75.5015827,93.6432685 71.9018743,91.2836143 C66.2690414,87.5912212 63.0868492,85.2926952 57.6192095,81.6896017 C51.3004058,77.5256038 55.3966232,75.2369981 58.9976911,71.4967761 C59.9401076,70.5179421 76.3155302,55.6232293 76.6324771,54.2720454 C76.6721165,54.1030573 76.7089039,53.4731496 76.3346867,53.1405352 C75.9604695,52.8079208 75.4081573,52.921662 75.0095933,53.0121213 C74.444641,53.1403447 65.4461175,59.0880351 48.0140228,70.8551922 C45.4598218,72.6091037 43.1463059,73.4636682 41.0734751,73.4188859 C38.7883453,73.3695169 34.3926725,72.1268388 31.1249416,71.0646282 C27.1169366,69.7617838 23.931454,69.0729605 24.208838,66.8603276 C24.3533167,65.7078514 25.9403832,64.5292172 28.9700376,63.3244248 Z\" \/><\/svg><span class=\"wp-block-social-link-label\">Comience en Telegram<\/span><\/a><\/li><\/ul>\n<\/div>\n\n\n\n<div class=\"wp-block-group is-style-section-1 has-base-background-color has-background has-global-padding is-layout-constrained wp-container-core-group-is-layout-52009084 wp-block-group-is-layout-constrained is-style-section-1--2\" style=\"border-radius:25px;padding-top:var(--wp--preset--spacing--40);padding-right:var(--wp--preset--spacing--40);padding-bottom:var(--wp--preset--spacing--40);padding-left:var(--wp--preset--spacing--40)\">\n<h2 class=\"wp-block-heading has-text-align-center\">\u00bf15 minutos de palabrer\u00eda? \u00a1No, gracias!<\/h2>\n\n\n\n<p class=\"has-text-align-left\">No sufras m\u00e1s a manos de tus parlanchines amigos y familiares. S\u00f3lo tienes que reenviarnos tus notas de voz y recibir\u00e1s un breve resumen de los puntos clave de tus notas de voz, para que puedas seguir con tu d\u00eda.<\/p>\n\n\n\n<p>Nuestro sistema de resumen est\u00e1 perfeccionado para extraer la informaci\u00f3n m\u00e1s importante de una nota de voz de cualquier longitud, e incluye siempre las preguntas que haga el remitente, para que sepas exactamente c\u00f3mo responder.<\/p>\n<\/div>\n\n\n\n<div class=\"wp-block-group is-style-section-1 has-base-background-color has-background has-global-padding is-layout-constrained wp-container-core-group-is-layout-e1290588 wp-block-group-is-layout-constrained is-style-section-1--3\" style=\"border-radius:25px;padding-top:var(--wp--preset--spacing--40);padding-right:var(--wp--preset--spacing--40);padding-bottom:var(--wp--preset--spacing--40);padding-left:var(--wp--preset--spacing--40)\">\n<h2 class=\"wp-block-heading has-text-align-center\" style=\"padding-top:0;padding-bottom:var(--wp--preset--spacing--30)\">C\u00f3mo funciona<\/h2>\n\n\n\n<p class=\"has-text-align-left\" style=\"padding-top:var(--wp--preset--spacing--20);padding-bottom:var(--wp--preset--spacing--20)\">Nuestro servicio de resumen de notas de voz vive en Telegram, ya que ofrece un servicio m\u00e1s abierto que Messenger, y no tiene coste.<\/p>\n\n\n\n<p>A continuaci\u00f3n te explicamos c\u00f3mo enviarnos una nota de voz desde Messenger:<\/p>\n\n\n\n<ul class=\"wp-block-list\">\n<li>Mant\u00e9n pulsada la nota de voz en Messenger<\/li>\n\n\n\n<li>Elige la opci\u00f3n \u00abcompartir\u00bb:<\/li>\n<\/ul>\n\n\n\n<div class=\"wp-block-group has-small-font-size is-layout-flex wp-container-core-group-is-layout-0b8e8ac1 wp-block-group-is-layout-flex\" style=\"padding-left:var(--wp--preset--spacing--30)\">\n<ul class=\"wp-block-list\">\n<li class=\"has-small-font-size\">En Android, pulsa el icono<\/li>\n<\/ul>\n\n\n\n<figure class=\"wp-block-image size-full is-resized\"><picture class=\"wp-picture-105\" style=\"display: contents;\"><source type=\"image\/webp\" srcset=\"https:\/\/baraphrase.com\/wp-content\/uploads\/2025\/04\/share_24dp_1F1F1F_FILL0_wght400_GRAD0_opsz24-png.webp\"><img data-dominant-color=\"1f1f1f\" data-has-transparency=\"true\" loading=\"lazy\" decoding=\"async\" width=\"24\" height=\"24\" sizes=\"auto, (max-width: 15px) 100vw, 15px\" src=\"https:\/\/baraphrase.com\/wp-content\/uploads\/2025\/04\/share_24dp_1F1F1F_FILL0_wght400_GRAD0_opsz24.png\" alt=\"\" class=\"wp-image-105 has-transparency\" style=\"--dominant-color: #1f1f1f; width:15px\"\/><\/picture><\/figure>\n\n\n\n<p>de la barra superior<\/p>\n<\/div>\n\n\n\n<div class=\"wp-block-group has-small-font-size is-layout-flex wp-container-core-group-is-layout-7db09922 wp-block-group-is-layout-flex\" style=\"padding-left:var(--wp--preset--spacing--30)\">\n<ul class=\"wp-block-list\">\n<li>Para iPhone, pulsa el icono<\/li>\n<\/ul>\n\n\n\n<figure class=\"wp-block-image size-full is-resized\"><picture class=\"wp-picture-106\" style=\"display: contents;\"><source type=\"image\/webp\" srcset=\"https:\/\/baraphrase.com\/wp-content\/uploads\/2025\/04\/ios_share_24dp_1F1F1F_FILL0_wght400_GRAD0_opsz24-png.webp\"><img data-dominant-color=\"1f1f1f\" data-has-transparency=\"true\" loading=\"lazy\" decoding=\"async\" width=\"24\" height=\"24\" sizes=\"auto, (max-width: 15px) 100vw, 15px\" src=\"https:\/\/baraphrase.com\/wp-content\/uploads\/2025\/04\/ios_share_24dp_1F1F1F_FILL0_wght400_GRAD0_opsz24.png\" alt=\"Ios share 24dp 1f1f1f fill0 wght400 grad0 opsz24\" class=\"wp-image-106 has-transparency\" style=\"--dominant-color: #1f1f1f; width:15px\"\/><\/picture><\/figure>\n\n\n\n<p>icono de la barra inferior<\/p>\n<\/div>\n\n\n\n<ul class=\"wp-block-list\">\n<li>Selecciona Telegram como ubicaci\u00f3n para compartir<\/li>\n\n\n\n<li>Elige Baraphrase Summarize como destinatario<\/li>\n\n\n\n<li>\u00a1Disfruta de tu resumen!<\/li>\n<\/ul>\n<\/div>\n\n\n\n<div class=\"wp-block-group is-style-section-1 has-base-background-color has-background has-global-padding is-layout-constrained wp-container-core-group-is-layout-8a886889 wp-block-group-is-layout-constrained is-style-section-1--4\" style=\"border-radius:25px;padding-top:var(--wp--preset--spacing--40);padding-right:var(--wp--preset--spacing--70);padding-bottom:var(--wp--preset--spacing--40);padding-left:var(--wp--preset--spacing--70)\">\n<figure class=\"wp-block-image size-full\"><picture class=\"wp-picture-112\" style=\"display: contents;\"><source type=\"image\/webp\" srcset=\"https:\/\/baraphrase.com\/wp-content\/uploads\/2025\/04\/Messenger-summarize-pixel-png.webp 2000w, https:\/\/baraphrase.com\/wp-content\/uploads\/2025\/04\/Messenger-summarize-pixel-240x300-png.webp 240w, https:\/\/baraphrase.com\/wp-content\/uploads\/2025\/04\/Messenger-summarize-pixel-818x1024-png.webp 818w, https:\/\/baraphrase.com\/wp-content\/uploads\/2025\/04\/Messenger-summarize-pixel-768x962-png.webp 768w, https:\/\/baraphrase.com\/wp-content\/uploads\/2025\/04\/Messenger-summarize-pixel-1226x1536-png.webp 1226w, https:\/\/baraphrase.com\/wp-content\/uploads\/2025\/04\/Messenger-summarize-pixel-1635x2048-png.webp 1635w\" sizes=\"auto, (max-width: 645px) 100vw, 645px\"><img data-dominant-color=\"a5a9d7\" data-has-transparency=\"true\" style=\"--dominant-color: #a5a9d7;\" loading=\"lazy\" decoding=\"async\" width=\"2000\" height=\"2505\" sizes=\"auto, (max-width: 645px) 100vw, 645px\" src=\"https:\/\/baraphrase.com\/wp-content\/uploads\/2025\/04\/Messenger-summarize-pixel.png\" alt=\"A chat interface in Facebook Messenger, showing a long voice note being summarized.\" class=\"wp-image-112 has-transparency\" srcset=\"https:\/\/baraphrase.com\/wp-content\/uploads\/2025\/04\/Messenger-summarize-pixel.png 2000w, https:\/\/baraphrase.com\/wp-content\/uploads\/2025\/04\/Messenger-summarize-pixel-240x300.png 240w, https:\/\/baraphrase.com\/wp-content\/uploads\/2025\/04\/Messenger-summarize-pixel-818x1024.png 818w, https:\/\/baraphrase.com\/wp-content\/uploads\/2025\/04\/Messenger-summarize-pixel-768x962.png 768w, https:\/\/baraphrase.com\/wp-content\/uploads\/2025\/04\/Messenger-summarize-pixel-1226x1536.png 1226w, https:\/\/baraphrase.com\/wp-content\/uploads\/2025\/04\/Messenger-summarize-pixel-1635x2048.png 1635w\" \/><\/picture><\/figure>\n<\/div>\n\n\n\n<div class=\"wp-block-group is-style-section-1 has-base-background-color has-background has-global-padding is-layout-constrained wp-container-core-group-is-layout-52009084 wp-block-group-is-layout-constrained is-style-section-1--5\" style=\"border-radius:25px;padding-top:var(--wp--preset--spacing--40);padding-right:var(--wp--preset--spacing--40);padding-bottom:var(--wp--preset--spacing--40);padding-left:var(--wp--preset--spacing--40)\">\n<h2 class=\"wp-block-heading has-text-align-center\">Resume notas de voz de cualquier aplicaci\u00f3n de chat<\/h2>\n\n\n\n<p class=\"has-text-align-left\">El bot de Telegram de Baraphrase aceptar\u00e1 notas de voz de cualquier fuente, simplemente reenv\u00eda o vuelve a compartir el archivo de audio. Disfruta de res\u00famenes instant\u00e1neos desde:<\/p>\n\n\n\n<ul class=\"wp-block-list\">\n<li><a href=\"https:\/\/baraphrase.com\/summarize\/whatsapp\/\" title=\"Summarize \u2013 WhatsApp\">WhatsApp<\/a><\/li>\n\n\n\n<li><a href=\"https:\/\/baraphrase.com\/summarize\/beeper\/\" title=\"Summarize \u2013 Beeper\">Beeper<\/a><\/li>\n\n\n\n<li><a href=\"https:\/\/baraphrase.com\/summarize\/summarize-imessage\/\" title=\"Summarize \u2013 iMessage\">iMessage<\/a><\/li>\n<\/ul>\n<\/div>\n\n\n\n<div class=\"wp-block-group is-style-section-1 has-base-background-color has-background has-global-padding is-layout-constrained wp-container-core-group-is-layout-52009084 wp-block-group-is-layout-constrained is-style-section-1--6\" style=\"border-radius:25px;padding-top:var(--wp--preset--spacing--40);padding-right:var(--wp--preset--spacing--40);padding-bottom:var(--wp--preset--spacing--40);padding-left:var(--wp--preset--spacing--40)\">\n<h2 class=\"wp-block-heading has-text-align-center\">Preguntas frecuentes<\/h2>\n\n\n\n<details class=\"wp-block-details is-layout-flow wp-block-details-is-layout-flow\" open><summary>\u00bfTengo que registrarme?<\/summary>\n<p>\u00a1No! Puedes acceder a nuestro bot de resumen de Telegram de forma totalmente an\u00f3nima si lo deseas. No necesitamos tus datos personales, ni los queremos.<\/p>\n<\/details>\n\n\n\n<details class=\"wp-block-details is-layout-flow wp-block-details-is-layout-flow\"><summary>\u00bfEs seguro Baraphrase?<\/summary>\n<p>\u00a1S\u00ed! S\u00f3lo utilizamos las notas de voz que nos env\u00edas para crear res\u00famenes, y no recopilamos ni retenemos ninguna informaci\u00f3n sensible. Los datos que nos env\u00edas tampoco se utilizan nunca para entrenar ning\u00fan modelo de IA<\/p>\n<\/details>\n\n\n\n<details class=\"wp-block-details is-layout-flow wp-block-details-is-layout-flow\"><summary>\u00bfPor qu\u00e9 necesito utilizar Telegram?<\/summary>\n<p>Telegram ofrece la mejor combinaci\u00f3n de privacidad, facilidad de uso y bajo coste. Otras plataformas de chat o bien cobran por acceder a su servicio (por ejemplo, WhatsApp), o bien recopilan demasiada informaci\u00f3n personal (por ejemplo, Messenger).<\/p>\n<\/details>\n\n\n\n<details class=\"wp-block-details is-layout-flow wp-block-details-is-layout-flow\"><summary>\u00bfHay l\u00edmites de uso?<\/summary>\n<p>Por ahora, Baraphrase es totalmente gratuito. En el futuro es posible que introduzcamos niveles de pago o publicidad para apoyar el servicio. <\/p>\n<\/details>\n\n\n\n<details class=\"wp-block-details is-layout-flow wp-block-details-is-layout-flow\"><summary>\u00bfPuedo enviar notas de voz realmente largas?<\/summary>\n<p>S\u00ed Las notas de voz de hasta 20 minutos deber\u00edan funcionar bien, pero ten en cuenta que es dif\u00edcil (incluso con CapybarAI\u2122) resumir con precisi\u00f3n todos los detalles de las notas de voz m\u00e1s largas.<\/p>\n<\/details>\n<\/div>\n\n\n\n<div class=\"wp-block-group is-style-section-1 has-base-background-color has-background has-global-padding is-layout-constrained wp-container-core-group-is-layout-52009084 wp-block-group-is-layout-constrained is-style-section-1--7\" style=\"border-radius:25px;padding-top:var(--wp--preset--spacing--40);padding-right:var(--wp--preset--spacing--40);padding-bottom:var(--wp--preset--spacing--40);padding-left:var(--wp--preset--spacing--40)\">\n<h2 class=\"wp-block-heading has-text-align-center\">Haz res\u00famenes<\/h2>\n\n\n\n<p class=\"has-text-align-center\">Sencillo, privado y sin necesidad de registro.<\/p>\n\n\n\n<ul class=\"wp-block-social-links has-visible-labels has-icon-background-color is-style-default is-content-justification-center is-layout-flex wp-container-core-social-links-is-layout-a89b3969 wp-block-social-links-is-layout-flex\"><li style=\"background-color:#24a1de;\" class=\"wp-social-link wp-social-link-telegram  wp-block-social-link\"><a href=\"https:\/\/t.me\/BarasumBot\" class=\"wp-block-social-link-anchor\"><svg width=\"24\" height=\"24\" viewBox=\"0 0 128 128\" version=\"1.1\" xmlns=\"http:\/\/www.w3.org\/2000\/svg\" aria-hidden=\"true\" focusable=\"false\"><path d=\"M28.9700376,63.3244248 C47.6273373,55.1957357 60.0684594,49.8368063 66.2934036,47.2476366 C84.0668845,39.855031 87.7600616,38.5708563 90.1672227,38.528 C90.6966555,38.5191258 91.8804274,38.6503351 92.6472251,39.2725385 C93.294694,39.7979149 93.4728387,40.5076237 93.5580865,41.0057381 C93.6433345,41.5038525 93.7494885,42.63857 93.6651041,43.5252052 C92.7019529,53.6451182 88.5344133,78.2034783 86.4142057,89.5379542 C85.5170662,94.3339958 83.750571,95.9420841 82.0403991,96.0994568 C78.3237996,96.4414641 75.5015827,93.6432685 71.9018743,91.2836143 C66.2690414,87.5912212 63.0868492,85.2926952 57.6192095,81.6896017 C51.3004058,77.5256038 55.3966232,75.2369981 58.9976911,71.4967761 C59.9401076,70.5179421 76.3155302,55.6232293 76.6324771,54.2720454 C76.6721165,54.1030573 76.7089039,53.4731496 76.3346867,53.1405352 C75.9604695,52.8079208 75.4081573,52.921662 75.0095933,53.0121213 C74.444641,53.1403447 65.4461175,59.0880351 48.0140228,70.8551922 C45.4598218,72.6091037 43.1463059,73.4636682 41.0734751,73.4188859 C38.7883453,73.3695169 34.3926725,72.1268388 31.1249416,71.0646282 C27.1169366,69.7617838 23.931454,69.0729605 24.208838,66.8603276 C24.3533167,65.7078514 25.9403832,64.5292172 28.9700376,63.3244248 Z\" \/><\/svg><span class=\"wp-block-social-link-label\">Comience en Telegram<\/span><\/a><\/li><\/ul>\n<\/div>\n\n\n\n<div class=\"wp-block-group is-style-section-1 has-base-background-color has-background has-global-padding is-layout-constrained wp-container-core-group-is-layout-52009084 wp-block-group-is-layout-constrained is-style-section-1--8\" style=\"border-radius:25px;padding-top:var(--wp--preset--spacing--40);padding-right:var(--wp--preset--spacing--40);padding-bottom:var(--wp--preset--spacing--40);padding-left:var(--wp--preset--spacing--40)\"><nav class=\"breadcrumbs\" aria-label=\"Migas de pan\"><a href=\"https:\/\/baraphrase.com\/\" class=\"breadcrumb breadcrumb--first\">Home<\/a> <span class='breadcrumbs__separator' aria-hidden='true'>\u2192<\/span> <a href=\"#\" class=\"breadcrumb\">Parent<\/a><\/nav><\/div>\n","protected":false},"excerpt":{"rendered":"<p>Resume las notas de voz de Messenger al instante Reenv\u00eda tus notas de voz en Facebook Messenger para recibir un r\u00e1pido resumen en texto con la informaci\u00f3n clave. \u00bf15 minutos de palabrer\u00eda? \u00a1No, gracias! No sufras m\u00e1s a manos de tus parlanchines amigos y familiares. S\u00f3lo tienes que reenviarnos tus notas de voz y recibir\u00e1s [&hellip;]<\/p>\n","protected":false},"author":1,"featured_media":0,"parent":231,"menu_order":0,"comment_status":"closed","ping_status":"closed","template":"wp-custom-template-page-no-title-es","meta":{"slim_seo":{"title":"Resume las notas de voz de FB Messenger al instante - Baraphrase","facebook_image":"https:\/\/baraphrase.com\/wp-content\/uploads\/2025\/09\/baraphrase-logo.png","twitter_image":"https:\/\/baraphrase.com\/wp-content\/uploads\/2025\/09\/baraphrase-logo.png","description":"Resume las notas de voz de Messenger al instante Reenv\u00eda tus notas de voz en Facebook Messenger para recibir un r\u00e1pido resumen en texto con la informaci\u00f3n clave"},"_locale":"es_ES","_original_post":"https:\/\/baraphrase.com\/?page_id=111","footnotes":""},"class_list":["post-241","page","type-page","status-publish","hentry","es-ES"],"_links":{"self":[{"href":"https:\/\/baraphrase.com\/wp-json\/wp\/v2\/pages\/241","targetHints":{"allow":["GET"]}}],"collection":[{"href":"https:\/\/baraphrase.com\/wp-json\/wp\/v2\/pages"}],"about":[{"href":"https:\/\/baraphrase.com\/wp-json\/wp\/v2\/types\/page"}],"author":[{"embeddable":true,"href":"https:\/\/baraphrase.com\/wp-json\/wp\/v2\/users\/1"}],"replies":[{"embeddable":true,"href":"https:\/\/baraphrase.com\/wp-json\/wp\/v2\/comments?post=241"}],"version-history":[{"count":4,"href":"https:\/\/baraphrase.com\/wp-json\/wp\/v2\/pages\/241\/revisions"}],"predecessor-version":[{"id":473,"href":"https:\/\/baraphrase.com\/wp-json\/wp\/v2\/pages\/241\/revisions\/473"}],"up":[{"embeddable":true,"href":"https:\/\/baraphrase.com\/wp-json\/wp\/v2\/pages\/231"}],"wp:attachment":[{"href":"https:\/\/baraphrase.com\/wp-json\/wp\/v2\/media?parent=241"}],"curies":[{"name":"wp","href":"https:\/\/api.w.org\/{rel}","templated":true}]}}