{"id":228,"date":"2025-04-27T09:38:20","date_gmt":"2025-04-27T09:38:20","guid":{"rendered":"https:\/\/baraphrase.com\/?page_id=228"},"modified":"2025-09-11T15:51:06","modified_gmt":"2025-09-11T15:51:06","slug":"privacy","status":"publish","type":"page","link":"https:\/\/baraphrase.com\/es\/privacy\/","title":{"rendered":"Privacy"},"content":{"rendered":"\n<div class=\"wp-block-group is-style-section-1 has-base-background-color has-background has-global-padding is-layout-constrained wp-container-core-group-is-layout-52009084 wp-block-group-is-layout-constrained is-style-section-1--1\" style=\"border-radius:25px;padding-top:var(--wp--preset--spacing--40);padding-right:var(--wp--preset--spacing--40);padding-bottom:var(--wp--preset--spacing--40);padding-left:var(--wp--preset--spacing--40)\">\n<figure class=\"wp-block-image aligncenter size-full is-resized is-style-rounded\"><picture class=\"wp-picture-462\" style=\"display: contents;\"><source type=\"image\/webp\" srcset=\"https:\/\/baraphrase.com\/wp-content\/uploads\/2025\/09\/barry-worried-png.webp 750w, https:\/\/baraphrase.com\/wp-content\/uploads\/2025\/09\/barry-worried-225x300-png.webp 225w, https:\/\/baraphrase.com\/wp-content\/uploads\/2025\/09\/barry-worried-645x860-png.webp 645w\" sizes=\"auto, (max-width: 250px) 100vw, 250px\"><img data-dominant-color=\"bc895d\" data-has-transparency=\"true\" loading=\"lazy\" decoding=\"async\" width=\"750\" height=\"1000\" sizes=\"auto, (max-width: 250px) 100vw, 250px\" src=\"https:\/\/baraphrase.com\/wp-content\/uploads\/2025\/09\/barry-worried.png\" alt=\"Barry worried\" class=\"wp-image-462 has-transparency\" style=\"--dominant-color: #bc895d; width:250px\" srcset=\"https:\/\/baraphrase.com\/wp-content\/uploads\/2025\/09\/barry-worried.png 750w, https:\/\/baraphrase.com\/wp-content\/uploads\/2025\/09\/barry-worried-225x300.png 225w, https:\/\/baraphrase.com\/wp-content\/uploads\/2025\/09\/barry-worried-645x860.png 645w\" \/><\/picture><\/figure>\n\n\n\n<h1 class=\"wp-block-heading has-text-align-center\">Pol\u00edtica de privacidad<\/h1>\n\n\n\n<p>Al usar Baraphrase, aceptas nuestra pol\u00edtica de privacidad. Por favor, no nos demandes.<\/p>\n\n\n\n<h2 class=\"wp-block-heading\">No queremos tus datos<\/h2>\n\n\n\n<p>Las capibaras son criaturas muy reservadas, y por eso valoramos tu privacidad. No necesitamos tus datos personales, no queremos tus datos personales, por favor no nos env\u00edes tus datos personales.<\/p>\n\n\n\n<h2 class=\"wp-block-heading\">No nos gustan las cookies<\/h2>\n\n\n\n<p>Comemos principalmente frutas y verduras. Este sitio web utiliza un par de cookies funcionales que puedes bloquear si lo deseas, pero ninguna cookie que recopile datos sobre ti.<\/p>\n\n\n\n<h2 class=\"wp-block-heading\">Procesaremos los datos que nos env\u00edes<\/h2>\n\n\n\n<p>Cualquier nota de voz que nos env\u00edes por Telegram ser\u00e1 procesada para darte la transcripci\u00f3n, el resumen o la traducci\u00f3n que hayas solicitado. Esto implica enviar el archivo a terceros que transcriben, resumen y traducen el audio. Estos terceros utilizan est\u00e1ndares de seguridad de la industria, y tus datos se procesan en un entorno cifrado. Una vez que hayamos terminado de procesar tus datos, se eliminan.<\/p>\n\n\n\n<h2 class=\"wp-block-heading\">Nuestro servicio<\/h2>\n\n\n\n<p>Intentamos ofrecer un servicio fiable, pero estamos ocupados con otras cosas de capibaras (estar de pie en campos, sentarnos en charcas poco profundas, en general ser tranquilos), as\u00ed que no garantizamos la disponibilidad, fiabilidad o precisi\u00f3n de nuestros servicios.<\/p>\n\n\n\n<p><a href=\"https:\/\/baraphrase.com\/es\" title=\"Home\">\u2190 Volver al inicio<\/a><\/p>\n<\/div>\n","protected":false},"excerpt":{"rendered":"<p>Pol\u00edtica de privacidad Al usar Baraphrase, aceptas nuestra pol\u00edtica de privacidad. Por favor, no nos demandes. No queremos tus datos Las capibaras son criaturas muy reservadas, y por eso valoramos tu privacidad. No necesitamos tus datos personales, no queremos tus datos personales, por favor no nos env\u00edes tus datos personales. No nos gustan las cookies [&hellip;]<\/p>\n","protected":false},"author":1,"featured_media":0,"parent":0,"menu_order":0,"comment_status":"closed","ping_status":"closed","template":"wp-custom-template-page-no-title-es","meta":{"slim_seo":{"title":"Pol\u00edtica de privacidad - Baraphrase","facebook_image":"https:\/\/baraphrase.com\/wp-content\/uploads\/2025\/03\/baraphrase-logo-bg-png.webp","twitter_image":"https:\/\/baraphrase.com\/wp-content\/uploads\/2025\/03\/baraphrase-logo-bg-png.webp","description":"Pol\u00edtica de privacidad Al usar Baraphrase, aceptas nuestra pol\u00edtica de privacidad. Por favor, no nos demandes. No queremos tus datos Las capibaras son criaturas"},"_locale":"es_ES","_original_post":"https:\/\/baraphrase.com\/?page_id=84","footnotes":""},"class_list":["post-228","page","type-page","status-publish","hentry","es-ES"],"_links":{"self":[{"href":"https:\/\/baraphrase.com\/wp-json\/wp\/v2\/pages\/228","targetHints":{"allow":["GET"]}}],"collection":[{"href":"https:\/\/baraphrase.com\/wp-json\/wp\/v2\/pages"}],"about":[{"href":"https:\/\/baraphrase.com\/wp-json\/wp\/v2\/types\/page"}],"author":[{"embeddable":true,"href":"https:\/\/baraphrase.com\/wp-json\/wp\/v2\/users\/1"}],"replies":[{"embeddable":true,"href":"https:\/\/baraphrase.com\/wp-json\/wp\/v2\/comments?post=228"}],"version-history":[{"count":3,"href":"https:\/\/baraphrase.com\/wp-json\/wp\/v2\/pages\/228\/revisions"}],"predecessor-version":[{"id":464,"href":"https:\/\/baraphrase.com\/wp-json\/wp\/v2\/pages\/228\/revisions\/464"}],"wp:attachment":[{"href":"https:\/\/baraphrase.com\/wp-json\/wp\/v2\/media?parent=228"}],"curies":[{"name":"wp","href":"https:\/\/api.w.org\/{rel}","templated":true}]}}